{"id":3554,"date":"2025-07-23T16:27:08","date_gmt":"2025-07-23T23:27:08","guid":{"rendered":"https:\/\/cslpnews.com\/?post_type=product&#038;p=3554"},"modified":"2026-03-09T13:52:02","modified_gmt":"2026-03-09T20:52:02","slug":"business-card-design-printing-500-units","status":"publish","type":"product","link":"https:\/\/cslpnews.com\/es\/producto\/business-card-design-printing-500-units\/","title":{"rendered":"Dise\u00f1o e Impresi\u00f3n de Tarjetas de Presentaci\u00f3n (500 unidades)"},"content":{"rendered":"<p>Una tarjeta de visita bien dise\u00f1ada es una extensi\u00f3n de tu marca y una potente herramienta para establecer contactos. Nuestras tarjetas de visita no solo tienen un aspecto profesional, sino que tambi\u00e9n son funcionales, lo que facilita a tus contactos guardarte en su tel\u00e9fono o visitar tu sitio web.<\/p>\n<p><b>What&#8217;s included:<\/b><\/p>\n<ul>\n<li><b>Custom Design:<\/b> A design that reflects your company&#8217;s identity.<\/li>\n<li><b>500 Printed Units:<\/b> Ideal quantity for your networking events and client meetings.<\/li>\n<li><b>Superior Print Quality:<\/b> Durable materials for a flawless presentation.<\/li>\n<\/ul>","protected":false},"excerpt":{"rendered":"<p>Leave a lasting impression with <b>500 high-quality business cards<\/b>. Professionally designed and with a QR code for easy contact, they are your perfect networking tool.<\/p>","protected":false},"featured_media":3555,"comment_status":"open","ping_status":"closed","template":"","meta":[],"product_brand":[],"product_cat":[30],"product_tag":[],"class_list":{"0":"post-3554","1":"product","2":"type-product","3":"status-publish","4":"has-post-thumbnail","6":"product_cat-marketing","8":"first","9":"outofstock","10":"taxable","11":"shipping-taxable","12":"purchasable","13":"product-type-simple"},"_links":{"self":[{"href":"https:\/\/cslpnews.com\/es\/wp-json\/wp\/v2\/product\/3554","targetHints":{"allow":["GET"]}}],"collection":[{"href":"https:\/\/cslpnews.com\/es\/wp-json\/wp\/v2\/product"}],"about":[{"href":"https:\/\/cslpnews.com\/es\/wp-json\/wp\/v2\/types\/product"}],"replies":[{"embeddable":true,"href":"https:\/\/cslpnews.com\/es\/wp-json\/wp\/v2\/comments?post=3554"}],"wp:featuredmedia":[{"embeddable":true,"href":"https:\/\/cslpnews.com\/es\/wp-json\/wp\/v2\/media\/3555"}],"wp:attachment":[{"href":"https:\/\/cslpnews.com\/es\/wp-json\/wp\/v2\/media?parent=3554"}],"wp:term":[{"taxonomy":"product_brand","embeddable":true,"href":"https:\/\/cslpnews.com\/es\/wp-json\/wp\/v2\/product_brand?post=3554"},{"taxonomy":"product_cat","embeddable":true,"href":"https:\/\/cslpnews.com\/es\/wp-json\/wp\/v2\/product_cat?post=3554"},{"taxonomy":"product_tag","embeddable":true,"href":"https:\/\/cslpnews.com\/es\/wp-json\/wp\/v2\/product_tag?post=3554"}],"curies":[{"name":"wp","href":"https:\/\/api.w.org\/{rel}","templated":true}]}}