{"id":3875,"date":"2025-07-24T17:50:20","date_gmt":"2025-07-25T00:50:20","guid":{"rendered":"https:\/\/cslpnews.com\/?post_type=product&#038;p=3875"},"modified":"2026-03-09T13:51:38","modified_gmt":"2026-03-09T20:51:38","slug":"corporation-change-management","status":"publish","type":"product","link":"https:\/\/cslpnews.com\/es\/producto\/corporation-change-management\/","title":{"rendered":"Administraci\u00f3n de la Corporaci\u00f3n"},"content":{"rendered":"<p>Le ayudamos a agregar o eliminar personas de su corporaci\u00f3n.<\/p>","protected":false},"excerpt":{"rendered":"<p>Le ayudamos a agregar o eliminar personas de su corporaci\u00f3n.<\/p>","protected":false},"featured_media":3897,"comment_status":"open","ping_status":"closed","template":"","meta":[],"product_brand":[],"product_cat":[31],"product_tag":[],"class_list":{"0":"post-3875","1":"product","2":"type-product","3":"status-publish","4":"has-post-thumbnail","6":"product_cat-others","8":"first","9":"outofstock","10":"virtual","11":"taxable","12":"purchasable","13":"product-type-simple"},"_links":{"self":[{"href":"https:\/\/cslpnews.com\/es\/wp-json\/wp\/v2\/product\/3875","targetHints":{"allow":["GET"]}}],"collection":[{"href":"https:\/\/cslpnews.com\/es\/wp-json\/wp\/v2\/product"}],"about":[{"href":"https:\/\/cslpnews.com\/es\/wp-json\/wp\/v2\/types\/product"}],"replies":[{"embeddable":true,"href":"https:\/\/cslpnews.com\/es\/wp-json\/wp\/v2\/comments?post=3875"}],"wp:featuredmedia":[{"embeddable":true,"href":"https:\/\/cslpnews.com\/es\/wp-json\/wp\/v2\/media\/3897"}],"wp:attachment":[{"href":"https:\/\/cslpnews.com\/es\/wp-json\/wp\/v2\/media?parent=3875"}],"wp:term":[{"taxonomy":"product_brand","embeddable":true,"href":"https:\/\/cslpnews.com\/es\/wp-json\/wp\/v2\/product_brand?post=3875"},{"taxonomy":"product_cat","embeddable":true,"href":"https:\/\/cslpnews.com\/es\/wp-json\/wp\/v2\/product_cat?post=3875"},{"taxonomy":"product_tag","embeddable":true,"href":"https:\/\/cslpnews.com\/es\/wp-json\/wp\/v2\/product_tag?post=3875"}],"curies":[{"name":"wp","href":"https:\/\/api.w.org\/{rel}","templated":true}]}}