{"id":3880,"date":"2025-07-24T18:16:17","date_gmt":"2025-07-25T01:16:17","guid":{"rendered":"https:\/\/cslpnews.com\/?post_type=product&#038;p=3880"},"modified":"2026-03-09T13:51:38","modified_gmt":"2026-03-09T20:51:38","slug":"business-registrationlimited-liability-company-llc","status":"publish","type":"product","link":"https:\/\/cslpnews.com\/es\/producto\/business-registrationlimited-liability-company-llc\/","title":{"rendered":"Registro de Negocio: Limited Liability Company (LLC)"},"content":{"rendered":"<p>Una opci\u00f3n popular que ofrece protecci\u00f3n de responsabilidad personal y flexibilidad fiscal. Le ayudamos con todo el proceso de constituci\u00f3n y registro de su LLC.<\/p>","protected":false},"excerpt":{"rendered":"<p>Una opci\u00f3n popular que ofrece protecci\u00f3n de responsabilidad personal y flexibilidad fiscal. Le ayudamos con todo el proceso de constituci\u00f3n y registro de su LLC.<\/p>","protected":false},"featured_media":3965,"comment_status":"open","ping_status":"closed","template":"","meta":[],"product_brand":[],"product_cat":[40],"product_tag":[],"class_list":{"0":"post-3880","1":"product","2":"type-product","3":"status-publish","4":"has-post-thumbnail","6":"product_cat-business-registration","8":"first","9":"outofstock","10":"virtual","11":"taxable","12":"purchasable","13":"product-type-simple"},"_links":{"self":[{"href":"https:\/\/cslpnews.com\/es\/wp-json\/wp\/v2\/product\/3880","targetHints":{"allow":["GET"]}}],"collection":[{"href":"https:\/\/cslpnews.com\/es\/wp-json\/wp\/v2\/product"}],"about":[{"href":"https:\/\/cslpnews.com\/es\/wp-json\/wp\/v2\/types\/product"}],"replies":[{"embeddable":true,"href":"https:\/\/cslpnews.com\/es\/wp-json\/wp\/v2\/comments?post=3880"}],"wp:featuredmedia":[{"embeddable":true,"href":"https:\/\/cslpnews.com\/es\/wp-json\/wp\/v2\/media\/3965"}],"wp:attachment":[{"href":"https:\/\/cslpnews.com\/es\/wp-json\/wp\/v2\/media?parent=3880"}],"wp:term":[{"taxonomy":"product_brand","embeddable":true,"href":"https:\/\/cslpnews.com\/es\/wp-json\/wp\/v2\/product_brand?post=3880"},{"taxonomy":"product_cat","embeddable":true,"href":"https:\/\/cslpnews.com\/es\/wp-json\/wp\/v2\/product_cat?post=3880"},{"taxonomy":"product_tag","embeddable":true,"href":"https:\/\/cslpnews.com\/es\/wp-json\/wp\/v2\/product_tag?post=3880"}],"curies":[{"name":"wp","href":"https:\/\/api.w.org\/{rel}","templated":true}]}}