{"id":4223,"date":"2025-08-14T14:45:38","date_gmt":"2025-08-14T21:45:38","guid":{"rendered":"https:\/\/cslpnews.com\/?post_type=product&#038;p=4223"},"modified":"2026-03-09T13:51:38","modified_gmt":"2026-03-09T20:51:38","slug":"digital-card","status":"publish","type":"product","link":"https:\/\/cslpnews.com\/es\/producto\/digital-card\/","title":{"rendered":"Tarjeta Digital"},"content":{"rendered":"<p>Creamos una tarjeta digital optimizada para dispositivos m\u00f3viles, donde puedes consolidar toda tu informaci\u00f3n, enlaces a redes sociales y datos de contacto en una sola p\u00e1gina.<\/p>","protected":false},"excerpt":{"rendered":"<p>Creamos una tarjeta digital optimizada para dispositivos m\u00f3viles, donde puedes consolidar toda tu informaci\u00f3n, enlaces a redes sociales y datos de contacto en una sola p\u00e1gina.<\/p>","protected":false},"featured_media":4244,"comment_status":"open","ping_status":"closed","template":"","meta":[],"product_brand":[],"product_cat":[30],"product_tag":[],"class_list":{"0":"post-4223","1":"product","2":"type-product","3":"status-publish","4":"has-post-thumbnail","6":"product_cat-marketing","8":"first","9":"outofstock","10":"virtual","11":"taxable","12":"purchasable","13":"product-type-simple"},"_links":{"self":[{"href":"https:\/\/cslpnews.com\/es\/wp-json\/wp\/v2\/product\/4223","targetHints":{"allow":["GET"]}}],"collection":[{"href":"https:\/\/cslpnews.com\/es\/wp-json\/wp\/v2\/product"}],"about":[{"href":"https:\/\/cslpnews.com\/es\/wp-json\/wp\/v2\/types\/product"}],"replies":[{"embeddable":true,"href":"https:\/\/cslpnews.com\/es\/wp-json\/wp\/v2\/comments?post=4223"}],"wp:featuredmedia":[{"embeddable":true,"href":"https:\/\/cslpnews.com\/es\/wp-json\/wp\/v2\/media\/4244"}],"wp:attachment":[{"href":"https:\/\/cslpnews.com\/es\/wp-json\/wp\/v2\/media?parent=4223"}],"wp:term":[{"taxonomy":"product_brand","embeddable":true,"href":"https:\/\/cslpnews.com\/es\/wp-json\/wp\/v2\/product_brand?post=4223"},{"taxonomy":"product_cat","embeddable":true,"href":"https:\/\/cslpnews.com\/es\/wp-json\/wp\/v2\/product_cat?post=4223"},{"taxonomy":"product_tag","embeddable":true,"href":"https:\/\/cslpnews.com\/es\/wp-json\/wp\/v2\/product_tag?post=4223"}],"curies":[{"name":"wp","href":"https:\/\/api.w.org\/{rel}","templated":true}]}}